{"id":88,"date":"2018-03-15T09:36:47","date_gmt":"2018-03-15T09:36:47","guid":{"rendered":"https:\/\/such-maschinen-optimierung.ch\/seo\/?page_id=88"},"modified":"2023-02-08T07:00:52","modified_gmt":"2023-02-08T07:00:52","slug":"preise-suchmaschinenoptimierung","status":"publish","type":"page","link":"https:\/\/such-maschinen-optimierung.ch\/seo\/preise-suchmaschinenoptimierung\/","title":{"rendered":"Preise Suchmaschinenoptimierung"},"content":{"rendered":"<h2 style=\"text-align: left;\">Hier finden Sie unsere Preise Suchmaschinenoptimierung SEO<\/h2>\n<p>Suchmaschinenoptimierung ist sehr aufw\u00e4ndig, daher auch kostenintensiv. Die Preise Suchmaschinenoptimierung richten sich in der Regel nach dem Aufwand. Wir geben hier maximale Richtpreise an &#8211; m\u00f6glicherweise kann f\u00fcr Ihr Wunschschl\u00fcsselwort auch ein g\u00fcnstigeres Angebot gemacht werden. Die meisten Anbieter legen die Karten nicht oder nur verdeckt auf den Tisch &#8211; wir hingegen schenken Ihnen klaren Wein ein. Das heisst unser Angebot hier gilt gleichzeitig als Offerte.<\/p>\n<p>Die Preise sind Marktkonform &#8211; wir aber geben zugleich eine Erfolgsgarantie f\u00fcr die erste Seite bei Google. Sie k\u00f6nnen also nicht verlieren, sondern nur gewinnen. Denn die Zusatzleistungen (Z) haben Sie auf jeden Fall! Das gibt&#8217;s nur bei <a href=\"https:\/\/computerfritz.ch\" target=\"_blank\" rel=\"noopener noreferrer\">computerfritz.ch<\/a>.<\/p>\n<p><a href=\"https:\/\/such-maschinen-optimierung.ch\/seo\/kontakt\/\">Machen Sie den ersten Schritt<\/a><\/p>\n<h3>Was ist im Preis f\u00fcr Suchmaschinenoptimierung enthalten?<\/h3>\n<ul>\n<li>Erstellung einer Seite mit Inhalt, welche mit Ihren Keywords* rankt.<\/li>\n<li>Verlinkung auf Ihre eigene Homeseite bzw. gew\u00fcnschte Unterseite(n)<\/li>\n<li>Kontaktangaben, Kontaktformular und Impressum.<\/li>\n<li>Google My Business Eintrag\u00a0 (sofern nicht schon korrekt vorhanden) (Z)<\/li>\n<li>Google Maps Eintrag (sofern nicht schon korrekt vorhanden) (Z)<\/li>\n<li>Facebook Seite (falls gew\u00fcnscht &#8211; ist aber empfohlen) (Z)<\/li>\n<li>Tipps f\u00fcr die Anpassung der eigenen Seite (Z)<\/li>\n<li>Auf Wunsch Anpassungen an der eigenen Seite (Extrakosten)<\/li>\n<li>uvm.<\/li>\n<\/ul>\n<p><img decoding=\"async\" loading=\"lazy\" class=\"alignleft size-medium wp-image-141\" src=\"https:\/\/such-maschinen-optimierung.ch\/seo\/wp-content\/uploads\/2018\/03\/preise-suchmaschinenoptimierung-schweiz-300x212.jpg\" alt=\"Preise Suchmaschinenoptimierung\" width=\"300\" height=\"212\" srcset=\"https:\/\/such-maschinen-optimierung.ch\/seo\/wp-content\/uploads\/2018\/03\/preise-suchmaschinenoptimierung-schweiz-300x212.jpg 300w, https:\/\/such-maschinen-optimierung.ch\/seo\/wp-content\/uploads\/2018\/03\/preise-suchmaschinenoptimierung-schweiz-382x270.jpg 382w, https:\/\/such-maschinen-optimierung.ch\/seo\/wp-content\/uploads\/2018\/03\/preise-suchmaschinenoptimierung-schweiz.jpg 640w\" sizes=\"(max-width: 300px) 100vw, 300px\" \/><\/p>\n<h2>Preise Suchmaschinenoptimierung<\/h2>\n<h4><span style=\"color: #ff9900;\">Starter <em>ONE<\/em><\/span><br \/>\n1 Keyword*, CHF 1&#8217;650.00<\/h4>\n<h4><span style=\"color: #ff9900;\">Starter <em>TWO<\/em><\/span><br \/>\n2 Keywords*, CHF 2&#8217;450.00 (total)<\/h4>\n<h4><span style=\"color: #ff9900;\">Starter <em>THREE <\/em><\/span>(in seltenen F\u00e4llen empfohlen)<br \/>\n3 Keywords*, CHF 2&#8217;950.00 (total)<\/h4>\n<h4>sp\u00e4ter zus\u00e4tzliche Keywords* CHF 890.00 je Suchphrase<\/h4>\n<p>* Keyword steht anstelle eines Keywordsatzes. Wir suchen mit Ihnen zusammen geeignete Keywords\u00e4tze f\u00fcr die wir optimieren werden. Beispielsweise &#8222;Schuhe online kaufen Schweiz&#8220; oder &#8222;Gut essen im Thurgau&#8220; etc. Das heisst also &#8222;nur&#8220; f\u00fcr &#8222;Schuhe&#8220; oder &#8222;Restaurant&#8220; werden wir keine Seiten optimieren, denn das macht wenig Sinn.<\/p>\n<p><strong>Konditionen:<\/strong><\/p>\n<p>Sobald die Webseite auf der ersten Ergebnisseite bei Google (organisch) gelistet wird &#8211; wird der vereinbarte Betrag f\u00e4llig. Zahlbar innert 10 Tagen. Wird der n\u00e4chste Begriff gelistet, wird der n\u00e4chste Betrag f\u00e4llig, sofern wir auf weitere Keywords f\u00fcr Sie optimieren durften.<\/p>\n<p>Hinzu kommen die Kosten f\u00fcr eine URL, die auf Ihren Namen registriert wird (CHF 15.50\/Jahr). Das Hosting der Seite ist auf unseren Servern kostenlos. Die Verwaltung der Seite obliegt in unseren H\u00e4nden. Wenn Sie die Seite sp\u00e4ter selber pflegen oder erg\u00e4nzen wollen, steht Ihnen dies frei. Dann wird die Seite zu Ihrem ganzen Besitz und die Verantwortung wird Ihnen \u00fcbertragen. Dann werden entsprechende Hostingkosten zu einem Spezialpreis f\u00e4llig.<\/p>\n<p>S\u00e4mtliche Preise zzgl. gesetzlich g\u00fcltige MwSt. Schweiz.<\/p>\n<p><a href=\"https:\/\/such-maschinen-optimierung.ch\/seo\/kontakt\/\">Jetzt Anfrage starten<\/a><\/p>\n<p><strong>Weitere Produkte:<\/strong><\/p>\n<h4><span style=\"color: #ff6600;\"><strong>Keyword Recherche<\/strong><\/span> ohne SEO: CHF 560.00 zzgl. MwSt. (Zwingend im Vorfeld zu erstellen)<\/h4>\n<h4><strong><span style=\"color: #ff6600;\">Monatliches SEO<\/span><\/strong>, mind. 6 Monate ab CHF 186.00 zzgl. MwSt.<\/h4>\n<h4 style=\"text-align: right;\">Preise Suchmaschinenoptimierung, SEO<strong><br \/>\n<\/strong><\/h4>\n","protected":false},"excerpt":{"rendered":"<p>Hier finden Sie unsere Preise Suchmaschinenoptimierung SEO Suchmaschinenoptimierung ist sehr aufw\u00e4ndig, daher auch kostenintensiv. Die Preise Suchmaschinenoptimierung richten sich in der Regel nach dem Aufwand. Wir geben hier maximale Richtpreise an &#8211; m\u00f6glicherweise kann f\u00fcr Ihr Wunschschl\u00fcsselwort auch ein g\u00fcnstigeres Angebot gemacht werden. Die meisten Anbieter legen die Karten nicht oder nur verdeckt auf den Tisch &#8211; wir hingegen schenken Ihnen klaren Wein ein. Das heisst unser Angebot hier gilt gleichzeitig als Offerte. Die Preise sind Marktkonform &#8211; wir aber&#8230;<\/p>\n<p class=\"read-more\"><a class=\"btn btn-default\" href=\"https:\/\/such-maschinen-optimierung.ch\/seo\/preise-suchmaschinenoptimierung\/\">Weiterlesen<span class=\"screen-reader-text\"> Weiterlesen<\/span><\/a><\/p>\n","protected":false},"author":1,"featured_media":0,"parent":0,"menu_order":0,"comment_status":"closed","ping_status":"closed","template":"","meta":{"_mi_skip_tracking":false,"_exactmetrics_sitenote_active":false,"_exactmetrics_sitenote_note":"","_exactmetrics_sitenote_category":0,"footnotes":""},"yoast_head":"<!-- This site is optimized with the Yoast SEO plugin v21.2 - https:\/\/yoast.com\/wordpress\/plugins\/seo\/ -->\n<title>Preise Suchmaschinenoptimierung | Suchmaschinen Experte Schweiz<\/title>\n<meta name=\"description\" content=\"Transparente Preise Suchmaschinenoptimierung. Kosten fallen nur bei Erfolg an. Viele Zusatzdienstleistungen sind mit dabei.\" \/>\n<meta name=\"robots\" content=\"index, follow, max-snippet:-1, max-image-preview:large, max-video-preview:-1\" \/>\n<link rel=\"canonical\" href=\"https:\/\/such-maschinen-optimierung.ch\/seo\/preise-suchmaschinenoptimierung\/\" \/>\n<meta property=\"og:locale\" content=\"de_DE\" \/>\n<meta property=\"og:type\" content=\"article\" \/>\n<meta property=\"og:title\" content=\"Preise Suchmaschinenoptimierung | Suchmaschinen Experte Schweiz\" \/>\n<meta property=\"og:description\" content=\"Transparente Preise Suchmaschinenoptimierung. Kosten fallen nur bei Erfolg an. Viele Zusatzdienstleistungen sind mit dabei.\" \/>\n<meta property=\"og:url\" content=\"https:\/\/such-maschinen-optimierung.ch\/seo\/preise-suchmaschinenoptimierung\/\" \/>\n<meta property=\"og:site_name\" content=\"Suchmaschinen Experte Schweiz\" \/>\n<meta property=\"article:modified_time\" content=\"2023-02-08T07:00:52+00:00\" \/>\n<meta property=\"og:image\" content=\"https:\/\/such-maschinen-optimierung.ch\/seo\/wp-content\/uploads\/2018\/03\/preise-suchmaschinenoptimierung-schweiz-300x212.jpg\" \/>\n<meta name=\"twitter:card\" content=\"summary_large_image\" \/>\n<meta name=\"twitter:label1\" content=\"Gesch\u00e4tzte Lesezeit\" \/>\n\t<meta name=\"twitter:data1\" content=\"3\u00a0Minuten\" \/>\n<script type=\"application\/ld+json\" class=\"yoast-schema-graph\">{\"@context\":\"https:\/\/schema.org\",\"@graph\":[{\"@type\":\"WebPage\",\"@id\":\"https:\/\/such-maschinen-optimierung.ch\/seo\/preise-suchmaschinenoptimierung\/\",\"url\":\"https:\/\/such-maschinen-optimierung.ch\/seo\/preise-suchmaschinenoptimierung\/\",\"name\":\"Preise Suchmaschinenoptimierung | Suchmaschinen Experte Schweiz\",\"isPartOf\":{\"@id\":\"https:\/\/such-maschinen-optimierung.ch\/seo\/#website\"},\"datePublished\":\"2018-03-15T09:36:47+00:00\",\"dateModified\":\"2023-02-08T07:00:52+00:00\",\"description\":\"Transparente Preise Suchmaschinenoptimierung. Kosten fallen nur bei Erfolg an. Viele Zusatzdienstleistungen sind mit dabei.\",\"breadcrumb\":{\"@id\":\"https:\/\/such-maschinen-optimierung.ch\/seo\/preise-suchmaschinenoptimierung\/#breadcrumb\"},\"inLanguage\":\"de\",\"potentialAction\":[{\"@type\":\"ReadAction\",\"target\":[\"https:\/\/such-maschinen-optimierung.ch\/seo\/preise-suchmaschinenoptimierung\/\"]}]},{\"@type\":\"BreadcrumbList\",\"@id\":\"https:\/\/such-maschinen-optimierung.ch\/seo\/preise-suchmaschinenoptimierung\/#breadcrumb\",\"itemListElement\":[{\"@type\":\"ListItem\",\"position\":1,\"name\":\"Home\",\"item\":\"https:\/\/such-maschinen-optimierung.ch\/seo\/\"},{\"@type\":\"ListItem\",\"position\":2,\"name\":\"Preise Suchmaschinenoptimierung\"}]},{\"@type\":\"WebSite\",\"@id\":\"https:\/\/such-maschinen-optimierung.ch\/seo\/#website\",\"url\":\"https:\/\/such-maschinen-optimierung.ch\/seo\/\",\"name\":\"Suchmaschinen Experte Schweiz\",\"description\":\"SEO - garantiert auf der ersten Seite bei Google\",\"potentialAction\":[{\"@type\":\"SearchAction\",\"target\":{\"@type\":\"EntryPoint\",\"urlTemplate\":\"https:\/\/such-maschinen-optimierung.ch\/seo\/?s={search_term_string}\"},\"query-input\":\"required name=search_term_string\"}],\"inLanguage\":\"de\"}]}<\/script>\n<!-- \/ Yoast SEO plugin. -->","yoast_head_json":{"title":"Preise Suchmaschinenoptimierung | Suchmaschinen Experte Schweiz","description":"Transparente Preise Suchmaschinenoptimierung. Kosten fallen nur bei Erfolg an. Viele Zusatzdienstleistungen sind mit dabei.","robots":{"index":"index","follow":"follow","max-snippet":"max-snippet:-1","max-image-preview":"max-image-preview:large","max-video-preview":"max-video-preview:-1"},"canonical":"https:\/\/such-maschinen-optimierung.ch\/seo\/preise-suchmaschinenoptimierung\/","og_locale":"de_DE","og_type":"article","og_title":"Preise Suchmaschinenoptimierung | Suchmaschinen Experte Schweiz","og_description":"Transparente Preise Suchmaschinenoptimierung. Kosten fallen nur bei Erfolg an. Viele Zusatzdienstleistungen sind mit dabei.","og_url":"https:\/\/such-maschinen-optimierung.ch\/seo\/preise-suchmaschinenoptimierung\/","og_site_name":"Suchmaschinen Experte Schweiz","article_modified_time":"2023-02-08T07:00:52+00:00","og_image":[{"url":"https:\/\/such-maschinen-optimierung.ch\/seo\/wp-content\/uploads\/2018\/03\/preise-suchmaschinenoptimierung-schweiz-300x212.jpg"}],"twitter_card":"summary_large_image","twitter_misc":{"Gesch\u00e4tzte Lesezeit":"3\u00a0Minuten"},"schema":{"@context":"https:\/\/schema.org","@graph":[{"@type":"WebPage","@id":"https:\/\/such-maschinen-optimierung.ch\/seo\/preise-suchmaschinenoptimierung\/","url":"https:\/\/such-maschinen-optimierung.ch\/seo\/preise-suchmaschinenoptimierung\/","name":"Preise Suchmaschinenoptimierung | Suchmaschinen Experte Schweiz","isPartOf":{"@id":"https:\/\/such-maschinen-optimierung.ch\/seo\/#website"},"datePublished":"2018-03-15T09:36:47+00:00","dateModified":"2023-02-08T07:00:52+00:00","description":"Transparente Preise Suchmaschinenoptimierung. Kosten fallen nur bei Erfolg an. Viele Zusatzdienstleistungen sind mit dabei.","breadcrumb":{"@id":"https:\/\/such-maschinen-optimierung.ch\/seo\/preise-suchmaschinenoptimierung\/#breadcrumb"},"inLanguage":"de","potentialAction":[{"@type":"ReadAction","target":["https:\/\/such-maschinen-optimierung.ch\/seo\/preise-suchmaschinenoptimierung\/"]}]},{"@type":"BreadcrumbList","@id":"https:\/\/such-maschinen-optimierung.ch\/seo\/preise-suchmaschinenoptimierung\/#breadcrumb","itemListElement":[{"@type":"ListItem","position":1,"name":"Home","item":"https:\/\/such-maschinen-optimierung.ch\/seo\/"},{"@type":"ListItem","position":2,"name":"Preise Suchmaschinenoptimierung"}]},{"@type":"WebSite","@id":"https:\/\/such-maschinen-optimierung.ch\/seo\/#website","url":"https:\/\/such-maschinen-optimierung.ch\/seo\/","name":"Suchmaschinen Experte Schweiz","description":"SEO - garantiert auf der ersten Seite bei Google","potentialAction":[{"@type":"SearchAction","target":{"@type":"EntryPoint","urlTemplate":"https:\/\/such-maschinen-optimierung.ch\/seo\/?s={search_term_string}"},"query-input":"required name=search_term_string"}],"inLanguage":"de"}]}},"_links":{"self":[{"href":"https:\/\/such-maschinen-optimierung.ch\/seo\/wp-json\/wp\/v2\/pages\/88"}],"collection":[{"href":"https:\/\/such-maschinen-optimierung.ch\/seo\/wp-json\/wp\/v2\/pages"}],"about":[{"href":"https:\/\/such-maschinen-optimierung.ch\/seo\/wp-json\/wp\/v2\/types\/page"}],"author":[{"embeddable":true,"href":"https:\/\/such-maschinen-optimierung.ch\/seo\/wp-json\/wp\/v2\/users\/1"}],"replies":[{"embeddable":true,"href":"https:\/\/such-maschinen-optimierung.ch\/seo\/wp-json\/wp\/v2\/comments?post=88"}],"version-history":[{"count":37,"href":"https:\/\/such-maschinen-optimierung.ch\/seo\/wp-json\/wp\/v2\/pages\/88\/revisions"}],"predecessor-version":[{"id":261,"href":"https:\/\/such-maschinen-optimierung.ch\/seo\/wp-json\/wp\/v2\/pages\/88\/revisions\/261"}],"wp:attachment":[{"href":"https:\/\/such-maschinen-optimierung.ch\/seo\/wp-json\/wp\/v2\/media?parent=88"}],"curies":[{"name":"wp","href":"https:\/\/api.w.org\/{rel}","templated":true}]}}