{"id":194,"date":"2018-07-22T19:36:09","date_gmt":"2018-07-22T19:36:09","guid":{"rendered":"https:\/\/such-maschinen-optimierung.ch\/seo\/?page_id=194"},"modified":"2021-08-23T08:11:03","modified_gmt":"2021-08-23T08:11:03","slug":"keywordrecherche-bei-google-gefunden-werden","status":"publish","type":"page","link":"https:\/\/such-maschinen-optimierung.ch\/seo\/keywordrecherche-bei-google-gefunden-werden\/","title":{"rendered":"Keywordrecherche: das A&#038;O um bei Google gefunden zu werden"},"content":{"rendered":"<p><strong>Ohne seri\u00f6se Keywordrecherche ist der Erfolg bei Google gefunden zu werden eher m\u00e4ssig. Entweder werden Sie gar nicht gefunden, oder Sie haben keine Conversion.<\/strong><\/p>\n<blockquote><p>Wie also soll man bei der Recherche vorgehen, was gibt es f\u00fcr Tools und welche M\u00f6glichkeiten haben Sie.<\/p><\/blockquote>\n<p>Eines gleich vorweg &#8211; nehmen Sie sich Zeit, viel Zeit &#8211; egal welche Tools Sie verwenden &#8211; f\u00fcr eine erfolgreiche Keywordrecherche braucht man mindestens einen halben, wenn nicht ganzen Tag.<\/p>\n<p><strong>Ich m\u00f6chte Ihnen das Szenario an folgendem Beispiel erl\u00e4utern:<\/strong><\/p>\n<p>Gehen wir davon aus, dass Sie ein Teehaus im Thurgau besitzen und sich \u00fcberlegen, wie Sie es anstellen, mehr Tee \u00fcber Ihren Onlineshop zu verkaufen. Sie wollen auch vorwiegend Besucher auf Ihrer Seite, die kaufen, nicht nur &#8222;schauen&#8220;. Also Besuche in Verk\u00e4ufe umwandeln. Dazu mehr weiter unten. (<strong>Conversion Rate<\/strong>) Sie \u00fcberlegen sich also, mit welchen Begriffen Sie bei Google auf dem ersten Platz oder mindestens bei den ersten drei Links gefunden werden.<\/p>\n<blockquote><p>Wir reden hier nicht von Google Werbung (Google AdWords), sondern der sog. organischen Suche &#8211; Werbung kann jeder&#8230;<\/p><\/blockquote>\n<p>Falls Sie sich zu diesem Thema das erste Mal Gedanken machen, denken Sie sich vielleicht einzelne Worte aus. Wie zum Beispiel &#8222;Tee&#8220; oder &#8222;Kr\u00e4utertee&#8220; usw. (Google zeigt an, dass bei Tee derzeit knapp 800 Millionen Suchergebnisse gefunden werden). Ich versichere Ihnen, damit werden Sie keinen Erfolg haben. Gut denken Sie, dann nehme ich halt &#8222;Tee kaufen&#8220; oder &#8222;Kr\u00e4utertee Onlineshop&#8220;. Vielleicht landen Sie damit einen Treffer und haben innert weniger Sekunden die Recherche abgeschlossen. Gratuliere. Leider ist es nicht so einfach. M\u00f6glicherweise sind Sie genau aus diesem Grunde jetzt hier auf diesem Beitrag gelandet.<\/p>\n<p>Stellen wir uns also die Frage, welche Keyword Gruppen perfekt sind um mehr Umsatz zu erlangen. Dazu muss man wissen, dass verschiedene Wortgruppen zu verschiedenen Handlungsw\u00fcnschen bzw. Motiven zugeordnet werden k\u00f6nnen.<\/p>\n<h2><strong>Es gibt drei verschiedene Gruppen, in die man die Suchbegriffe einordnen kann:<\/strong><\/h2>\n<p><strong>1. Ein einzelnes Keywort<\/strong><\/p>\n<p>Sucht jemand beispielsweise nur nach &#8222;Tee&#8220;, k\u00f6nnen wir davon ausgehen, dass der Suchende sich einfach einmal \u00fcber Tee informieren will. Eine Kaufhandlung ist meist nicht das Vorhaben. Der Kunde sucht hier wohl eher nach Informationen.<\/p>\n<p><strong>2. Zwei\u00a0 Keyw\u00f6rter<\/strong><\/p>\n<p>Sucht jemand aber vielleicht nach &#8222;Tee br\u00fchen&#8220; oder &#8222;Kr\u00e4utertee Herkunft&#8220;, zeigt er sein konkretes Interesse. Er will also wissen, wie man richtig Tee br\u00fche oder wo verschiedene Teesorten herkommen. Hier gehen wir schon eher von einem konkreten Interesse aus. Der Kunde ist also n\u00e4her am Produkt.<\/p>\n<p><strong>3. Drei oder mehr Worte (Longtail)<\/strong><\/p>\n<p>Sucht jemand mit drei oder mehr Worten, gibt er klar ein Kaufinteresse ab. Er sucht beispielsweise nach &#8222;Kr\u00e4utertee online kaufen&#8220; oder &#8222;Tee preisvergleich schweiz&#8220;.<\/p>\n<h2><strong>Unsere Vorgehensweise bei der Keywordrecherche<\/strong><\/h2>\n<p>Gemeinsam mit Ihnen zusammen, \u00fcberlegen wir uns, welche Besucher Ihre Seite finden sollen. Solche die einfach nur Informationen suchen, sich einfach f\u00fcr Produkte interessieren oder solche die auch wirklich kaufen wollen. Es ist naheliegend, dass die meisten Anbieter, Kunden und Besucher auf ihrer Webseite wollen, die kaufen werden bzw. m\u00f6chten. Das ist in jedem Fall die richtige Entscheidung. Es sei denn Sie betreiben eine Wissensdatenbank oder eine Produktvergleichsseite o. \u00e4hnliches.<\/p>\n<p>Landet jemand auf Ihrer Seite, der nur Informationen zu Tee sucht, dann aber einen Shop vorfindet &#8211; verschwindet der sofort wieder von Ihrer Seite. Google kann das feststellen und wird Ihre Seite entsprechend taxieren. Das heisst, k\u00fcnftig schlechter ranken. Sie sehen also, die Wahl des richtigen Suchbegriffes ist auch f\u00fcr das &#8222;halten&#8220; des Rankings entscheidend.<\/p>\n<h2><strong>Besucher in K\u00e4ufer umwandeln (Conversionsrate)<\/strong><\/h2>\n<p>Ein Messpunkt f\u00fcr ein gutes Keyword, ist die sogenannte Conversion Rate. Die Umwandlungsrate von Besuchern in K\u00e4ufe. Die Conversion Rate wird in Prozent berechnet\/angegeben.<\/p>\n<p><strong>Ein Beispiel:<\/strong><\/p>\n<p>Sie haben 100 Besucher pro Monat auf der Seite und jeder t\u00e4tigt einen Kauf. Daraus ergibt sich die Conversion Rate von 100%. Schaffen wir es Ihre Besucher pro Monat auf 1&#8217;000 zu bringen dann aber immer noch nur 100 K\u00e4ufe get\u00e4tigt werden, haben wir eine Conversions Rate von 10%. (jeder Zehnte kauf).<\/p>\n<p>Das Ziel ist es also &#8211; und da gehen Sie mir mir bestimmt einig &#8211; eine m\u00f6glichst hohe Conversions Rate zu erzielen. Auch Google m\u00f6chte, dass die Suchtreffer die Google liefert die richtigen sind. (Information, Interesse, Kaufabsicht s. oben).<\/p>\n<p>Zudem tritt der Erfolg bei drei- oder mehrgliedrigen Keywords schneller ein.<\/p>\n<h3><strong>Fazit zur Keywordrecherche<\/strong>:<\/h3>\n<p>Es muss also das Ziel sein, mit mehrgliedrigen Suchbegriffen m\u00f6glichst viele Besucher auf Ihre Seite zu bringen welche eine klare Kaufabsicht haben. Es ist also nicht das Ziel m\u00f6glichst viele Besucher zu haben sondern viele von den Richtigen. Das leuchtet doch ein, oder?<\/p>\n<p>Sie k\u00f6nnen auch nur einfach die Keywordrecherche mit uns zusammen machen &#8211; ohne weitere Verpflichtung. Rechnen Sie dazu einen halben Tag ein. Dabei erhalten Sie weitere wertvolle Tipps zur Suchmaschinenoptimierung und haben am Ende die besten Keywords f\u00fcr Ihre Webseite in der Tasche. Die Kosten belaufen sich auf ca. CHF 560.00 zzgl. MwSt.<\/p>\n<p>[captainform id=&#8220;1140100&#8243; lightbox=&#8220;1&#8243; text_content=&#8220;M\u00f6chten Sie mit uns Ihre Keywords recherchieren?&#8220; type=&#8220;text&#8220;]<\/p>\n<h4 style=\"text-align: right;\">Sie haben gelesen: Keywordrecherche: das A&amp;O um bei Google gefunden zu werden.<\/h4>\n","protected":false},"excerpt":{"rendered":"<p>Ohne seri\u00f6se Keywordrecherche ist der Erfolg bei Google gefunden zu werden eher m\u00e4ssig. Entweder werden Sie gar nicht gefunden, oder Sie haben keine Conversion. Wie also soll man bei der Recherche vorgehen, was gibt es f\u00fcr Tools und welche M\u00f6glichkeiten haben Sie. Eines gleich vorweg &#8211; nehmen Sie sich Zeit, viel Zeit &#8211; egal welche Tools Sie verwenden &#8211; f\u00fcr eine erfolgreiche Keywordrecherche braucht man mindestens einen halben, wenn nicht ganzen Tag. Ich m\u00f6chte Ihnen das Szenario an folgendem Beispiel&#8230;<\/p>\n<p class=\"read-more\"><a class=\"btn btn-default\" href=\"https:\/\/such-maschinen-optimierung.ch\/seo\/keywordrecherche-bei-google-gefunden-werden\/\">Weiterlesen<span class=\"screen-reader-text\"> Weiterlesen<\/span><\/a><\/p>\n","protected":false},"author":1,"featured_media":0,"parent":0,"menu_order":0,"comment_status":"closed","ping_status":"closed","template":"","meta":{"_mi_skip_tracking":false,"_exactmetrics_sitenote_active":false,"_exactmetrics_sitenote_note":"","_exactmetrics_sitenote_category":0,"footnotes":""},"yoast_head":"<!-- This site is optimized with the Yoast SEO plugin v21.2 - https:\/\/yoast.com\/wordpress\/plugins\/seo\/ -->\n<title>Keywordrecherche um gefunden zu werden | Suchmaschinen Experte Schweiz<\/title>\n<meta name=\"robots\" content=\"index, follow, max-snippet:-1, max-image-preview:large, max-video-preview:-1\" \/>\n<link rel=\"canonical\" href=\"https:\/\/such-maschinen-optimierung.ch\/seo\/keywordrecherche-bei-google-gefunden-werden\/\" \/>\n<meta property=\"og:locale\" content=\"de_DE\" \/>\n<meta property=\"og:type\" content=\"article\" \/>\n<meta property=\"og:title\" content=\"Keywordrecherche um gefunden zu werden | Suchmaschinen Experte Schweiz\" \/>\n<meta property=\"og:description\" content=\"Ohne seri\u00f6se Keywordrecherche ist der Erfolg bei Google gefunden zu werden eher m\u00e4ssig. Entweder werden Sie gar nicht gefunden, oder Sie haben keine Conversion. Wie also soll man bei der Recherche vorgehen, was gibt es f\u00fcr Tools und welche M\u00f6glichkeiten haben Sie. Eines gleich vorweg &#8211; nehmen Sie sich Zeit, viel Zeit &#8211; egal welche Tools Sie verwenden &#8211; f\u00fcr eine erfolgreiche Keywordrecherche braucht man mindestens einen halben, wenn nicht ganzen Tag. Ich m\u00f6chte Ihnen das Szenario an folgendem Beispiel...Weiterlesen Weiterlesen\" \/>\n<meta property=\"og:url\" content=\"https:\/\/such-maschinen-optimierung.ch\/seo\/keywordrecherche-bei-google-gefunden-werden\/\" \/>\n<meta property=\"og:site_name\" content=\"Suchmaschinen Experte Schweiz\" \/>\n<meta property=\"article:modified_time\" content=\"2021-08-23T08:11:03+00:00\" \/>\n<meta name=\"twitter:card\" content=\"summary_large_image\" \/>\n<meta name=\"twitter:label1\" content=\"Gesch\u00e4tzte Lesezeit\" \/>\n\t<meta name=\"twitter:data1\" content=\"4\u00a0Minuten\" \/>\n<script type=\"application\/ld+json\" class=\"yoast-schema-graph\">{\"@context\":\"https:\/\/schema.org\",\"@graph\":[{\"@type\":\"WebPage\",\"@id\":\"https:\/\/such-maschinen-optimierung.ch\/seo\/keywordrecherche-bei-google-gefunden-werden\/\",\"url\":\"https:\/\/such-maschinen-optimierung.ch\/seo\/keywordrecherche-bei-google-gefunden-werden\/\",\"name\":\"Keywordrecherche um gefunden zu werden | Suchmaschinen Experte Schweiz\",\"isPartOf\":{\"@id\":\"https:\/\/such-maschinen-optimierung.ch\/seo\/#website\"},\"datePublished\":\"2018-07-22T19:36:09+00:00\",\"dateModified\":\"2021-08-23T08:11:03+00:00\",\"breadcrumb\":{\"@id\":\"https:\/\/such-maschinen-optimierung.ch\/seo\/keywordrecherche-bei-google-gefunden-werden\/#breadcrumb\"},\"inLanguage\":\"de\",\"potentialAction\":[{\"@type\":\"ReadAction\",\"target\":[\"https:\/\/such-maschinen-optimierung.ch\/seo\/keywordrecherche-bei-google-gefunden-werden\/\"]}]},{\"@type\":\"BreadcrumbList\",\"@id\":\"https:\/\/such-maschinen-optimierung.ch\/seo\/keywordrecherche-bei-google-gefunden-werden\/#breadcrumb\",\"itemListElement\":[{\"@type\":\"ListItem\",\"position\":1,\"name\":\"Home\",\"item\":\"https:\/\/such-maschinen-optimierung.ch\/seo\/\"},{\"@type\":\"ListItem\",\"position\":2,\"name\":\"Keywordrecherche: das A&#038;O um bei Google gefunden zu werden\"}]},{\"@type\":\"WebSite\",\"@id\":\"https:\/\/such-maschinen-optimierung.ch\/seo\/#website\",\"url\":\"https:\/\/such-maschinen-optimierung.ch\/seo\/\",\"name\":\"Suchmaschinen Experte Schweiz\",\"description\":\"SEO - garantiert auf der ersten Seite bei Google\",\"potentialAction\":[{\"@type\":\"SearchAction\",\"target\":{\"@type\":\"EntryPoint\",\"urlTemplate\":\"https:\/\/such-maschinen-optimierung.ch\/seo\/?s={search_term_string}\"},\"query-input\":\"required name=search_term_string\"}],\"inLanguage\":\"de\"}]}<\/script>\n<!-- \/ Yoast SEO plugin. -->","yoast_head_json":{"title":"Keywordrecherche um gefunden zu werden | Suchmaschinen Experte Schweiz","robots":{"index":"index","follow":"follow","max-snippet":"max-snippet:-1","max-image-preview":"max-image-preview:large","max-video-preview":"max-video-preview:-1"},"canonical":"https:\/\/such-maschinen-optimierung.ch\/seo\/keywordrecherche-bei-google-gefunden-werden\/","og_locale":"de_DE","og_type":"article","og_title":"Keywordrecherche um gefunden zu werden | Suchmaschinen Experte Schweiz","og_description":"Ohne seri\u00f6se Keywordrecherche ist der Erfolg bei Google gefunden zu werden eher m\u00e4ssig. Entweder werden Sie gar nicht gefunden, oder Sie haben keine Conversion. Wie also soll man bei der Recherche vorgehen, was gibt es f\u00fcr Tools und welche M\u00f6glichkeiten haben Sie. Eines gleich vorweg &#8211; nehmen Sie sich Zeit, viel Zeit &#8211; egal welche Tools Sie verwenden &#8211; f\u00fcr eine erfolgreiche Keywordrecherche braucht man mindestens einen halben, wenn nicht ganzen Tag. Ich m\u00f6chte Ihnen das Szenario an folgendem Beispiel...Weiterlesen Weiterlesen","og_url":"https:\/\/such-maschinen-optimierung.ch\/seo\/keywordrecherche-bei-google-gefunden-werden\/","og_site_name":"Suchmaschinen Experte Schweiz","article_modified_time":"2021-08-23T08:11:03+00:00","twitter_card":"summary_large_image","twitter_misc":{"Gesch\u00e4tzte Lesezeit":"4\u00a0Minuten"},"schema":{"@context":"https:\/\/schema.org","@graph":[{"@type":"WebPage","@id":"https:\/\/such-maschinen-optimierung.ch\/seo\/keywordrecherche-bei-google-gefunden-werden\/","url":"https:\/\/such-maschinen-optimierung.ch\/seo\/keywordrecherche-bei-google-gefunden-werden\/","name":"Keywordrecherche um gefunden zu werden | Suchmaschinen Experte Schweiz","isPartOf":{"@id":"https:\/\/such-maschinen-optimierung.ch\/seo\/#website"},"datePublished":"2018-07-22T19:36:09+00:00","dateModified":"2021-08-23T08:11:03+00:00","breadcrumb":{"@id":"https:\/\/such-maschinen-optimierung.ch\/seo\/keywordrecherche-bei-google-gefunden-werden\/#breadcrumb"},"inLanguage":"de","potentialAction":[{"@type":"ReadAction","target":["https:\/\/such-maschinen-optimierung.ch\/seo\/keywordrecherche-bei-google-gefunden-werden\/"]}]},{"@type":"BreadcrumbList","@id":"https:\/\/such-maschinen-optimierung.ch\/seo\/keywordrecherche-bei-google-gefunden-werden\/#breadcrumb","itemListElement":[{"@type":"ListItem","position":1,"name":"Home","item":"https:\/\/such-maschinen-optimierung.ch\/seo\/"},{"@type":"ListItem","position":2,"name":"Keywordrecherche: das A&#038;O um bei Google gefunden zu werden"}]},{"@type":"WebSite","@id":"https:\/\/such-maschinen-optimierung.ch\/seo\/#website","url":"https:\/\/such-maschinen-optimierung.ch\/seo\/","name":"Suchmaschinen Experte Schweiz","description":"SEO - garantiert auf der ersten Seite bei Google","potentialAction":[{"@type":"SearchAction","target":{"@type":"EntryPoint","urlTemplate":"https:\/\/such-maschinen-optimierung.ch\/seo\/?s={search_term_string}"},"query-input":"required name=search_term_string"}],"inLanguage":"de"}]}},"_links":{"self":[{"href":"https:\/\/such-maschinen-optimierung.ch\/seo\/wp-json\/wp\/v2\/pages\/194"}],"collection":[{"href":"https:\/\/such-maschinen-optimierung.ch\/seo\/wp-json\/wp\/v2\/pages"}],"about":[{"href":"https:\/\/such-maschinen-optimierung.ch\/seo\/wp-json\/wp\/v2\/types\/page"}],"author":[{"embeddable":true,"href":"https:\/\/such-maschinen-optimierung.ch\/seo\/wp-json\/wp\/v2\/users\/1"}],"replies":[{"embeddable":true,"href":"https:\/\/such-maschinen-optimierung.ch\/seo\/wp-json\/wp\/v2\/comments?post=194"}],"version-history":[{"count":19,"href":"https:\/\/such-maschinen-optimierung.ch\/seo\/wp-json\/wp\/v2\/pages\/194\/revisions"}],"predecessor-version":[{"id":255,"href":"https:\/\/such-maschinen-optimierung.ch\/seo\/wp-json\/wp\/v2\/pages\/194\/revisions\/255"}],"wp:attachment":[{"href":"https:\/\/such-maschinen-optimierung.ch\/seo\/wp-json\/wp\/v2\/media?parent=194"}],"curies":[{"name":"wp","href":"https:\/\/api.w.org\/{rel}","templated":true}]}}