{"id":15,"date":"2018-03-08T12:32:29","date_gmt":"2018-03-08T12:32:29","guid":{"rendered":"https:\/\/such-maschinen-optimierung.ch\/seo\/?page_id=15"},"modified":"2018-03-20T15:29:44","modified_gmt":"2018-03-20T15:29:44","slug":"suchmaschinen-experte-schweiz","status":"publish","type":"page","link":"https:\/\/such-maschinen-optimierung.ch\/seo\/","title":{"rendered":"Suchmaschinen Experte Schweiz"},"content":{"rendered":"<h2>Warum sind wir der Suchmaschinen Experte Schweiz<\/h2>\n<p>Wir sind Ihr Suchmaschinen Experte Schweiz weil wir mit <em>Suchmaschinenoptimierung<\/em> bereits viele Jahre Erfahrung mitbringen. Beim Optimieren einer Webseite f\u00fcr Suchmaschinen (SEO) ist es genau so wichtig, dass man sich mit den verschiedenen Webseitentools wie <a href=\"https:\/\/de-ch.wordpress.org\/\" target=\"_blank\" rel=\"noopener\">WordPress<\/a>, <a href=\"https:\/\/www.joomla.org\/\" target=\"_blank\" rel=\"noopener\">Joomla<\/a> und andere CMS gut auskennt. Und genau das haben wir. Seit \u00fcber 15 Jahren erstellen wir Webseiten f\u00fcr unsere Kunden.<\/p>\n<p>Ebenso kennen wir uns auf s\u00e4mtlichen Socialmedia Plattformen aus. Es ist wichtig, dass diese Verbindung richtig hergestellt wird und mit Ihrer Seite korrekt verlinkt wird.<\/p>\n<figure id=\"attachment_44\" aria-describedby=\"caption-attachment-44\" style=\"width: 327px\" class=\"wp-caption aligncenter\"><img decoding=\"async\" loading=\"lazy\" class=\"wp-image-44\" src=\"https:\/\/such-maschinen-optimierung.ch\/seo\/wp-content\/uploads\/2018\/03\/seo-suchmaschinen-experte-schweiz-300x169.jpg\" alt=\"Suchmaschinen Experte Schweiz\" width=\"327\" height=\"184\" srcset=\"https:\/\/such-maschinen-optimierung.ch\/seo\/wp-content\/uploads\/2018\/03\/seo-suchmaschinen-experte-schweiz-300x169.jpg 300w, https:\/\/such-maschinen-optimierung.ch\/seo\/wp-content\/uploads\/2018\/03\/seo-suchmaschinen-experte-schweiz-480x270.jpg 480w, https:\/\/such-maschinen-optimierung.ch\/seo\/wp-content\/uploads\/2018\/03\/seo-suchmaschinen-experte-schweiz.jpg 640w\" sizes=\"(max-width: 327px) 100vw, 327px\" \/><figcaption id=\"caption-attachment-44\" class=\"wp-caption-text\">Suchmaschinenexperte SEO<\/figcaption><\/figure>\n<p><span style=\"color: #339966;\"><strong>[captainform id=&#8220;1140100&#8243; lightbox=&#8220;1&#8243; text_content=&#8220;Jetzt%20von%20Zusatzleistungen%20profitieren%20&#8243; type=&#8220;text&#8220;]<\/strong><\/span><\/p>\n<h3>200 Gr\u00fcnde f\u00fcr besseres Ranking bei Google<\/h3>\n<p>Google hat einen Leitfaden herausgebracht, der es einem Webadministrator erm\u00f6glicht, seine Seite zu optimieren. Wir als Suchmaschinen Experte halten uns an die Vorgaben. Ihr Erfolg ist also jetzt schon in Reichweite.<\/p>\n<h3>Garantiert bei Google auf Seite 1<\/h3>\n<p>Wir garantieren Ihnen den Erfolg. Mit unserer Technik bringen wir Ihre Seite, mit Ihren Suchw\u00f6rtern, bei Google auf die erste Seite. Unsere Erfahrung und das Wissen als Suchmaschinen Experte Schweiz erlaubt es uns, Ihnen dieses Angebot hier und jetzt zu machen. Sie bezahlen also nur im Erfolgsfall.<\/p>\n<h3>Kostenloses SEO Booklet f\u00fcr Suchmaschinen<\/h3>\n<p>F\u00fcr die, die ohne Suchmaschinen Experte Schweiz auskommen, haben wir ein Booklet zum Download bereitgestellt. Hier finden Sie gute Tipps und Tricks wie Sie Ihre Webseite mit Suchmaschinenoptimierung besser platzieren k\u00f6nnen. Laden Sie hier das kostenlose <a href=\"https:\/\/such-maschinen-optimierung.ch\/seo\/wp-content\/uploads\/2018\/03\/SEO-E-Book-wSolution.pdf\" target=\"_blank\" rel=\"noopener\">E-Book f\u00fcr SEO<\/a> herunter.<\/p>\n<figure id=\"attachment_55\" aria-describedby=\"caption-attachment-55\" style=\"width: 300px\" class=\"wp-caption alignleft\"><img decoding=\"async\" loading=\"lazy\" class=\"size-medium wp-image-55\" src=\"https:\/\/such-maschinen-optimierung.ch\/seo\/wp-content\/uploads\/2018\/03\/seo-schweiz-googleoptimierung-300x199.jpg\" alt=\"Google Optimierung\" width=\"300\" height=\"199\" srcset=\"https:\/\/such-maschinen-optimierung.ch\/seo\/wp-content\/uploads\/2018\/03\/seo-schweiz-googleoptimierung-300x199.jpg 300w, https:\/\/such-maschinen-optimierung.ch\/seo\/wp-content\/uploads\/2018\/03\/seo-schweiz-googleoptimierung-407x270.jpg 407w, https:\/\/such-maschinen-optimierung.ch\/seo\/wp-content\/uploads\/2018\/03\/seo-schweiz-googleoptimierung.jpg 640w\" sizes=\"(max-width: 300px) 100vw, 300px\" \/><figcaption id=\"caption-attachment-55\" class=\"wp-caption-text\">Google Optimierung<\/figcaption><\/figure>\n<h3>Weitere Tipps f\u00fcr Suchmaschinen SEO<\/h3>\n<p>in K\u00fcrze erscheinen hier weitere SEO Suchmaschinen Tipps.<\/p>\n<p>[captainform id=&#8220;1140100&#8243; lightbox=&#8220;1&#8243; text_content=&#8220;Kontakt%20zum%20SEO%20Profi&#8220; type=&#8220;text&#8220;]<\/p>\n<p>&nbsp;<\/p>\n<h4 style=\"text-align: right;\"><strong>Ihr Suchmaschinen Experte Schweiz<\/strong><\/h4>\n","protected":false},"excerpt":{"rendered":"<p>Warum sind wir der Suchmaschinen Experte Schweiz Wir sind Ihr Suchmaschinen Experte Schweiz weil wir mit Suchmaschinenoptimierung bereits viele Jahre Erfahrung mitbringen. Beim Optimieren einer Webseite f\u00fcr Suchmaschinen (SEO) ist es genau so wichtig, dass man sich mit den verschiedenen Webseitentools wie WordPress, Joomla und andere CMS gut auskennt. Und genau das haben wir. Seit \u00fcber 15 Jahren erstellen wir Webseiten f\u00fcr unsere Kunden. Ebenso kennen wir uns auf s\u00e4mtlichen Socialmedia Plattformen aus. Es ist wichtig, dass diese Verbindung richtig&#8230;<\/p>\n<p class=\"read-more\"><a class=\"btn btn-default\" href=\"https:\/\/such-maschinen-optimierung.ch\/seo\/\">Weiterlesen<span class=\"screen-reader-text\"> Weiterlesen<\/span><\/a><\/p>\n","protected":false},"author":1,"featured_media":0,"parent":0,"menu_order":0,"comment_status":"closed","ping_status":"closed","template":"","meta":{"_mi_skip_tracking":false,"_exactmetrics_sitenote_active":false,"_exactmetrics_sitenote_note":"","_exactmetrics_sitenote_category":0,"footnotes":""},"yoast_head":"<!-- This site is optimized with the Yoast SEO plugin v21.2 - https:\/\/yoast.com\/wordpress\/plugins\/seo\/ -->\n<title>Suchmaschinen Experte Schweiz | Suchmaschinen Experte Schweiz<\/title>\n<meta name=\"description\" content=\"Wir bringen Sie bei Google auf die erste Seite - \u2714 Garantiert! Suchmaschinen Experte Schweiz - zuverl\u00e4ssig und transparent. Wir \u2665 die Herausforderung in SEO.\" \/>\n<meta name=\"robots\" content=\"index, follow, max-snippet:-1, max-image-preview:large, max-video-preview:-1\" \/>\n<link rel=\"canonical\" href=\"https:\/\/such-maschinen-optimierung.ch\/seo\/\" \/>\n<meta property=\"og:locale\" content=\"de_DE\" \/>\n<meta property=\"og:type\" content=\"article\" \/>\n<meta property=\"og:title\" content=\"Suchmaschinen Experte Schweiz | Suchmaschinen Experte Schweiz\" \/>\n<meta property=\"og:description\" content=\"Wir bringen Sie bei Google auf die erste Seite - \u2714 Garantiert! Suchmaschinen Experte Schweiz - zuverl\u00e4ssig und transparent. Wir \u2665 die Herausforderung in SEO.\" \/>\n<meta property=\"og:url\" content=\"https:\/\/such-maschinen-optimierung.ch\/seo\/\" \/>\n<meta property=\"og:site_name\" content=\"Suchmaschinen Experte Schweiz\" \/>\n<meta property=\"article:modified_time\" content=\"2018-03-20T15:29:44+00:00\" \/>\n<meta property=\"og:image\" content=\"https:\/\/such-maschinen-optimierung.ch\/seo\/wp-content\/uploads\/2018\/03\/seo-suchmaschinen-experte-schweiz-300x169.jpg\" \/>\n<meta name=\"twitter:card\" content=\"summary_large_image\" \/>\n<meta name=\"twitter:label1\" content=\"Gesch\u00e4tzte Lesezeit\" \/>\n\t<meta name=\"twitter:data1\" content=\"1\u00a0Minute\" \/>\n<script type=\"application\/ld+json\" class=\"yoast-schema-graph\">{\"@context\":\"https:\/\/schema.org\",\"@graph\":[{\"@type\":\"WebPage\",\"@id\":\"https:\/\/such-maschinen-optimierung.ch\/seo\/\",\"url\":\"https:\/\/such-maschinen-optimierung.ch\/seo\/\",\"name\":\"Suchmaschinen Experte Schweiz | Suchmaschinen Experte Schweiz\",\"isPartOf\":{\"@id\":\"https:\/\/such-maschinen-optimierung.ch\/seo\/#website\"},\"datePublished\":\"2018-03-08T12:32:29+00:00\",\"dateModified\":\"2018-03-20T15:29:44+00:00\",\"description\":\"Wir bringen Sie bei Google auf die erste Seite - \u2714 Garantiert! Suchmaschinen Experte Schweiz - zuverl\u00e4ssig und transparent. Wir \u2665 die Herausforderung in SEO.\",\"breadcrumb\":{\"@id\":\"https:\/\/such-maschinen-optimierung.ch\/seo\/#breadcrumb\"},\"inLanguage\":\"de\",\"potentialAction\":[{\"@type\":\"ReadAction\",\"target\":[\"https:\/\/such-maschinen-optimierung.ch\/seo\/\"]}]},{\"@type\":\"BreadcrumbList\",\"@id\":\"https:\/\/such-maschinen-optimierung.ch\/seo\/#breadcrumb\",\"itemListElement\":[{\"@type\":\"ListItem\",\"position\":1,\"name\":\"Home\",\"item\":\"https:\/\/such-maschinen-optimierung.ch\/seo\/\"},{\"@type\":\"ListItem\",\"position\":2,\"name\":\"Suchmaschinen Experte Schweiz\"}]},{\"@type\":\"WebSite\",\"@id\":\"https:\/\/such-maschinen-optimierung.ch\/seo\/#website\",\"url\":\"https:\/\/such-maschinen-optimierung.ch\/seo\/\",\"name\":\"Suchmaschinen Experte Schweiz\",\"description\":\"SEO - garantiert auf der ersten Seite bei Google\",\"potentialAction\":[{\"@type\":\"SearchAction\",\"target\":{\"@type\":\"EntryPoint\",\"urlTemplate\":\"https:\/\/such-maschinen-optimierung.ch\/seo\/?s={search_term_string}\"},\"query-input\":\"required name=search_term_string\"}],\"inLanguage\":\"de\"}]}<\/script>\n<!-- \/ Yoast SEO plugin. -->","yoast_head_json":{"title":"Suchmaschinen Experte Schweiz | Suchmaschinen Experte Schweiz","description":"Wir bringen Sie bei Google auf die erste Seite - \u2714 Garantiert! Suchmaschinen Experte Schweiz - zuverl\u00e4ssig und transparent. Wir \u2665 die Herausforderung in SEO.","robots":{"index":"index","follow":"follow","max-snippet":"max-snippet:-1","max-image-preview":"max-image-preview:large","max-video-preview":"max-video-preview:-1"},"canonical":"https:\/\/such-maschinen-optimierung.ch\/seo\/","og_locale":"de_DE","og_type":"article","og_title":"Suchmaschinen Experte Schweiz | Suchmaschinen Experte Schweiz","og_description":"Wir bringen Sie bei Google auf die erste Seite - \u2714 Garantiert! Suchmaschinen Experte Schweiz - zuverl\u00e4ssig und transparent. Wir \u2665 die Herausforderung in SEO.","og_url":"https:\/\/such-maschinen-optimierung.ch\/seo\/","og_site_name":"Suchmaschinen Experte Schweiz","article_modified_time":"2018-03-20T15:29:44+00:00","og_image":[{"url":"https:\/\/such-maschinen-optimierung.ch\/seo\/wp-content\/uploads\/2018\/03\/seo-suchmaschinen-experte-schweiz-300x169.jpg"}],"twitter_card":"summary_large_image","twitter_misc":{"Gesch\u00e4tzte Lesezeit":"1\u00a0Minute"},"schema":{"@context":"https:\/\/schema.org","@graph":[{"@type":"WebPage","@id":"https:\/\/such-maschinen-optimierung.ch\/seo\/","url":"https:\/\/such-maschinen-optimierung.ch\/seo\/","name":"Suchmaschinen Experte Schweiz | Suchmaschinen Experte Schweiz","isPartOf":{"@id":"https:\/\/such-maschinen-optimierung.ch\/seo\/#website"},"datePublished":"2018-03-08T12:32:29+00:00","dateModified":"2018-03-20T15:29:44+00:00","description":"Wir bringen Sie bei Google auf die erste Seite - \u2714 Garantiert! Suchmaschinen Experte Schweiz - zuverl\u00e4ssig und transparent. Wir \u2665 die Herausforderung in SEO.","breadcrumb":{"@id":"https:\/\/such-maschinen-optimierung.ch\/seo\/#breadcrumb"},"inLanguage":"de","potentialAction":[{"@type":"ReadAction","target":["https:\/\/such-maschinen-optimierung.ch\/seo\/"]}]},{"@type":"BreadcrumbList","@id":"https:\/\/such-maschinen-optimierung.ch\/seo\/#breadcrumb","itemListElement":[{"@type":"ListItem","position":1,"name":"Home","item":"https:\/\/such-maschinen-optimierung.ch\/seo\/"},{"@type":"ListItem","position":2,"name":"Suchmaschinen Experte Schweiz"}]},{"@type":"WebSite","@id":"https:\/\/such-maschinen-optimierung.ch\/seo\/#website","url":"https:\/\/such-maschinen-optimierung.ch\/seo\/","name":"Suchmaschinen Experte Schweiz","description":"SEO - garantiert auf der ersten Seite bei Google","potentialAction":[{"@type":"SearchAction","target":{"@type":"EntryPoint","urlTemplate":"https:\/\/such-maschinen-optimierung.ch\/seo\/?s={search_term_string}"},"query-input":"required name=search_term_string"}],"inLanguage":"de"}]}},"_links":{"self":[{"href":"https:\/\/such-maschinen-optimierung.ch\/seo\/wp-json\/wp\/v2\/pages\/15"}],"collection":[{"href":"https:\/\/such-maschinen-optimierung.ch\/seo\/wp-json\/wp\/v2\/pages"}],"about":[{"href":"https:\/\/such-maschinen-optimierung.ch\/seo\/wp-json\/wp\/v2\/types\/page"}],"author":[{"embeddable":true,"href":"https:\/\/such-maschinen-optimierung.ch\/seo\/wp-json\/wp\/v2\/users\/1"}],"replies":[{"embeddable":true,"href":"https:\/\/such-maschinen-optimierung.ch\/seo\/wp-json\/wp\/v2\/comments?post=15"}],"version-history":[{"count":31,"href":"https:\/\/such-maschinen-optimierung.ch\/seo\/wp-json\/wp\/v2\/pages\/15\/revisions"}],"predecessor-version":[{"id":173,"href":"https:\/\/such-maschinen-optimierung.ch\/seo\/wp-json\/wp\/v2\/pages\/15\/revisions\/173"}],"wp:attachment":[{"href":"https:\/\/such-maschinen-optimierung.ch\/seo\/wp-json\/wp\/v2\/media?parent=15"}],"curies":[{"name":"wp","href":"https:\/\/api.w.org\/{rel}","templated":true}]}}